{"id":23,"date":"2013-02-08T09:28:25","date_gmt":"2013-02-08T09:28:25","guid":{"rendered":"http:\/\/www.colaistedaibheid.ie\/?page_id=23"},"modified":"2014-11-18T13:42:43","modified_gmt":"2014-11-18T13:42:43","slug":"bunreacht-chumann-na-dtusimitheoiri","status":"publish","type":"page","link":"https:\/\/www.colaistedaibheid.ie\/wp_cd_2020\/bunreacht-chumann-na-dtusimitheoiri\/","title":{"rendered":"Comhairle na dTusimitheoir\u00ed"},"content":{"rendered":"<p>Ainm: Coiste Tuismitheoir\u00ed Chol\u00e1iste Daibh\u00e9id.<\/p>\n<p>Aidhmeanna:<br \/>\n2.1.\u00a0\u00a0\u00a0\u00a0\u00a0\u00a0\u00a0 Taca\u00edocht a thabhairt d\u2019aidhmeanna agus ethos an Chol\u00e1iste.<br \/>\n2.2. Taca\u00edocht a thabhairt do bhainist\u00edocht an Chol\u00e1iste go hioml\u00e1n.<br \/>\n2.3.\u00a0\u00a0\u00a0\u00a0\u00a0\u00a0 Bheith mar cheangal idir bainist\u00edocht agus tuismitheoiri an Chol\u00e1iste i gc\u00farsa\u00ed a chabhra\u00edonn le dea spiorad a choth\u00fa sa Chol\u00e1iste.<\/p>\n<p>Ballra\u00edocht:<br \/>\n3.1.\u00a0\u00a0\u00a0\u00a0\u00a0\u00a0\u00a0 T\u00e1 ballra\u00edocht ar f\u00e1il do ghach thuismitheoir \/ caomhn\u00f3ir le p\u00e1iste ag freastal go l\u00e1n aimsireach ar Chol\u00e1iste Daibh\u00e9id.<br \/>\n3.2.\u00a0\u00a0\u00a0\u00a0\u00a0\u00a0 Toghfar coiste gn\u00f3 a dh\u00e9anfaidh gn\u00f3 an choiste a re\u00e1cht\u00e1il ar son na dtuismitheoir\u00ed, ag CCB.<\/p>\n<p>Str\u00facht\u00far:<br \/>\n4.1.\u00a0\u00a0\u00a0\u00a0\u00a0\u00a0\u00a0 Beidh an CCB ar si\u00fail gach bliain ag t\u00fas na scoilbhliana ach gan bheith n\u00edos d\u00e9ana\u00ed \u00a0\u00a0\u00a0\u00a0n\u00e1 31\u00fa Deireadh F\u00f3mhair. D\u00e9anfar an cruinni\u00fa a fh\u00f3gairt go forleathan sa chol\u00e1iste.<br \/>\n4.2. Beidh v\u00f3ta ag gach tuismitheoir \/ caomhn\u00f3ir.<br \/>\n4.3. Beidh s\u00e9 de cheart ag gach tuismitheoir \/ caomhn\u00f3ir ainm a chur chun cinn don \u00a0\u00a0\u00a0 toghach\u00e1in<br \/>\n4.4. Toghfar ar a laghad c\u00faigear ar an gcoiste gn\u00f3 ag an gcruinni\u00fa.<br \/>\n4.5.\u00a0\u00a0\u00a0\u00a0\u00a0\u00a0 Beidh an bheirt ionada\u00ed at\u00e1 ag na tuismitheoir\u00ed ar an mBord Bainist\u00edochta ar an gcoiste le cead v\u00f3t\u00e1la.<br \/>\n4.6.\u00a0\u00a0\u00a0\u00a0\u00a0\u00a0 Beidh an Pr\u00edomhoide n\u00f3 ionada\u00ed uaidh \/ uaithi ar an gcoiste gan cead v\u00f3t\u00e1la.<br \/>\n4.7.\u00a0\u00a0\u00a0\u00a0\u00a0\u00a0 Beidh ar a laghad beirt thuismithe\u00f3ir \/ caomhn\u00f3ir agus p\u00e1ist\u00ed acu sa sraith sinsearach agus beirt agus p\u00e1ist\u00ed sa sraith s\u00f3isearach ar an gcoiste.<br \/>\n4.8.\u00a0\u00a0\u00a0\u00a0\u00a0\u00a0 D\u00e9anfar gach iarracht comhionannas inscne bheith ar an gcoiste ach beidh ar a laghad beirt bhan n\u00f3 beirt fhear.<br \/>\n4.9.\u00a0\u00a0\u00a0\u00a0\u00a0\u00a0 Glacfar go mbeidh ball n\u00e1r fhreastal ar thr\u00ed chruinni\u00fa as a ch\u00e9ile gan leithsc\u00e9al tar\u00e9is \u00e9ir\u00ed as an gcoiste.<br \/>\n4.10.\u00a0\u00a0\u00a0\u00a0 Toghfar an cathaoirleach agus na hoifigigh ag an gc\u00e9ad cruinni\u00fa coiste i ndiaidh an chruinni\u00fa chinnbhliana.<br \/>\n4.11.\u00a0\u00a0\u00a0\u00a0\u00a0 Siad na hoifigigh eile n\u00e1; Leaschathaoirleach, R\u00fana\u00ed agus Cisteoir.<br \/>\n4.12.\u00a0\u00a0\u00a0\u00a0 Beidh gach v\u00f3t\u00e1il do dhaoine r\u00fanda.<br \/>\n4.13.\u00a0\u00a0\u00a0\u00a0 I ng\u00e1s cothroma\u00edoch sna v\u00f3ta\u00ed d\u00e9anfar v\u00f3t\u00e1il san athuair.<br \/>\n4.14.\u00a0\u00a0\u00a0\u00a0 Is f\u00e9idir glacadh le hainmni\u00fach\u00e1in \u00f3n url\u00e1r.<br \/>\n4.15.\u00a0\u00a0\u00a0\u00a0 Beidh v\u00f3ta r\u00e9itigh agus gn\u00e1th v\u00f3ta ag an gcathaoirleach.<br \/>\n4.16.\u00a0\u00a0\u00a0\u00a0 N\u00ed thoghfar aon oifigeach n\u00edos m\u00f3 n\u00e1 tr\u00ed bliana as a ch\u00e9ile.<br \/>\n4.17.\u00a0\u00a0\u00a0\u00a0 M\u00e1 \u00e9ir\u00edonn ball coiste as i rith na bliana t\u00e1 cead ag an gcoiste ball eile a \u00a0\u00a0 chomhthoghadh.<br \/>\n4.18.\u00a0\u00a0\u00a0\u00a0 T\u00e1 cead ag an gcoiste baill a chomhthoghadh i rith na bliana m\u00e1 bh\u00edonn g\u00e1.<br \/>\n4.19.\u00a0\u00a0\u00a0\u00a0 Caithfidh r\u00fain i scr\u00edbhinn bheith leis an r\u00fana\u00ed tr\u00ed l\u00e1 roimh d\u00e1ta an chruinni\u00fa.<br \/>\n4.20.\u00a0\u00a0\u00a0 Buailfidh an coiste le c\u00e9ile ar a laghad ceithre uaire i rith na bliana.<br \/>\n4.21.\u00a0\u00a0\u00a0\u00a0 Beidh na miontuairisc\u00ed i nGaeilge agus cuirfidh an r\u00fana\u00ed tuairisc ioml\u00e1n f\u00e9 bhr\u00e1id \u00a0\u00a0\u00a0\u00a0\u00a0\u00a0\u00a0\u00a0 an CCB.<br \/>\n4.22.\u00a0\u00a0\u00a0 T\u00e1 s\u00e9 de cheart ag an gciste cruinni\u00fa neamhghn\u00e1ch a ghlaoch. D\u00e9anfar an cruinni\u00fa a fh\u00f3gairt go forleathan sa Chol\u00e1iste.<br \/>\n4.23.\u00a0\u00a0\u00a0 T\u00e1 s\u00e9 de cheart ag 25% dos na tuismitheoir\u00ed cruinni\u00fa neamhghn\u00e1ch a ghlaoch.<br \/>\n4.24.\u00a0\u00a0\u00a0 S\u00e9 c\u00f3ram cruinni\u00fa coiste n\u00e1 leath na baill tofa m\u00f3ide duine.<\/p>\n<p>Airgead<br \/>\n5.1 \u00a0\u00a0\u00a0\u00a0 Beidh cuntas reatha ag an gcoiste. Beidh g\u00e1 le s\u00edni\u00fa beirt de thri\u00far oifigigh ar \u00a0 \u00a0\u00a0\u00a0\u00a0\u00a0\u00a0\u00a0\u00a0\u00a0\u00a0\u00a0\u00a0\u00a0\u00a0\u00a0\u00a0\u00a0\u00a0\u00a0 \u00a0\u00a0\u00a0\u00a0\u00a0gach seic. N\u00ed bheidh cead r\u00f3tharraingt.<br \/>\n5.2\u00a0\u00a0\u00a0\u00a0 Is \u00ed\/\u00e9 an cisteoir a bheidh freagrach as maoin an choiste. Cuirfidh s\u00ed\/s\u00e9 tuairisc \u00a0\u00a0\u00a0\u00a0\u00a0\u00a0\u00a0 \u00a0\u00a0\u00a0\u00a0\u00a0\u00a0\u00a0\u00a0\u00a0\u00a0\u00a0 \u00a0\u00a0\u00a0\u00a0\u00a0f\u00e9 bhr\u00e1id an CCB gach bliain.<br \/>\n5.3\u00a0\u00a0\u00a0\u00a0 Ainmneoidh an coiste ini\u00fach\u00f3ir leis na cuntais a ini\u00fachadh gach bliain.<\/p>\n<p>6.\u00a0 Ilghn\u00e9itheach<br \/>\n6.1\u00a0\u00a0\u00a0\u00a0 T\u00e1 g\u00e1 le m\u00f3ramh de 2\/3 d\u00f3ibh si\u00fad i l\u00e1thair ag CCB n\u00f3 Cruinni\u00fa neamhghn\u00e1ch chun \u00a0\u00a0\u00a0\u00a0\u00a0\u00a0\u00a0 \u00a0\u00a0\u00a0\u00a0\u00a0athr\u00fa a dh\u00e9anamh sa bhunreacht.<br \/>\n6.2\u00a0\u00a0\u00a0\u00a0 T\u00e1 cead ag an gcoiste cuireadh a thabhairt do dhaoine le saineolas freastal ar \u00a0\u00a0 \u00a0\u00a0\u00a0\u00a0\u00a0\u00a0\u00a0\u00a0\u00a0 \u00a0\u00a0\u00a0\u00a0\u00a0chruinni\u00fa gan cead v\u00f3t\u00e1la.<br \/>\n6.3\u00a0\u00a0\u00a0\u00a0 M\u00e1 thiteann an coiste as a ch\u00e9ile ar ch\u00fais ar bith, rachaidh maoin an choiste \u00a0\u00a0\u00a0\u00a0 \u00a0\u00a0\u00a0\u00a0\u00a0\u00a0\u00a0\u00a0\u00a0 \u00a0\u00a0\u00a0\u00a0\u00a0chuig an bainist\u00edocht an Chol\u00e1iste.<\/p>\n","protected":false},"excerpt":{"rendered":"<p>Ainm: Coiste Tuismitheoir\u00ed Chol\u00e1iste Daibh\u00e9id. Aidhmeanna: 2.1.\u00a0\u00a0\u00a0\u00a0\u00a0\u00a0\u00a0 Taca\u00edocht a thabhairt d\u2019aidhmeanna agus ethos an Chol\u00e1iste. 2.2. Taca\u00edocht a thabhairt do bhainist\u00edocht an Chol\u00e1iste go hioml\u00e1n. 2.3.\u00a0\u00a0\u00a0\u00a0\u00a0\u00a0 Bheith mar cheangal idir bainist\u00edocht agus tuismitheoiri an Chol\u00e1iste i gc\u00farsa\u00ed a chabhra\u00edonn le dea spiorad a choth\u00fa sa Chol\u00e1iste. Ballra\u00edocht: 3.1.\u00a0\u00a0\u00a0\u00a0\u00a0\u00a0\u00a0 T\u00e1 ballra\u00edocht ar f\u00e1il do ghach thuismitheoir [&hellip;]<\/p>\n","protected":false},"author":1,"featured_media":0,"parent":0,"menu_order":0,"comment_status":"closed","ping_status":"closed","template":"templates\/fullwidth.php","meta":{"site-sidebar-layout":"default","site-content-layout":"","ast-site-content-layout":"default","site-content-style":"default","site-sidebar-style":"default","ast-global-header-display":"","ast-banner-title-visibility":"","ast-main-header-display":"","ast-hfb-above-header-display":"","ast-hfb-below-header-display":"","ast-hfb-mobile-header-display":"","site-post-title":"","ast-breadcrumbs-content":"","ast-featured-img":"","footer-sml-layout":"","ast-disable-related-posts":"","theme-transparent-header-meta":"","adv-header-id-meta":"","stick-header-meta":"","header-above-stick-meta":"","header-main-stick-meta":"","header-below-stick-meta":"","astra-migrate-meta-layouts":"default","ast-page-background-enabled":"default","ast-page-background-meta":{"desktop":{"background-color":"","background-image":"","background-repeat":"repeat","background-position":"center center","background-size":"auto","background-attachment":"scroll","background-type":"","background-media":"","overlay-type":"","overlay-color":"","overlay-opacity":"","overlay-gradient":""},"tablet":{"background-color":"","background-image":"","background-repeat":"repeat","background-position":"center center","background-size":"auto","background-attachment":"scroll","background-type":"","background-media":"","overlay-type":"","overlay-color":"","overlay-opacity":"","overlay-gradient":""},"mobile":{"background-color":"","background-image":"","background-repeat":"repeat","background-position":"center center","background-size":"auto","background-attachment":"scroll","background-type":"","background-media":"","overlay-type":"","overlay-color":"","overlay-opacity":"","overlay-gradient":""}},"ast-content-background-meta":{"desktop":{"background-color":"var(--ast-global-color-5)","background-image":"","background-repeat":"repeat","background-position":"center center","background-size":"auto","background-attachment":"scroll","background-type":"","background-media":"","overlay-type":"","overlay-color":"","overlay-opacity":"","overlay-gradient":""},"tablet":{"background-color":"var(--ast-global-color-5)","background-image":"","background-repeat":"repeat","background-position":"center center","background-size":"auto","background-attachment":"scroll","background-type":"","background-media":"","overlay-type":"","overlay-color":"","overlay-opacity":"","overlay-gradient":""},"mobile":{"background-color":"var(--ast-global-color-5)","background-image":"","background-repeat":"repeat","background-position":"center center","background-size":"auto","background-attachment":"scroll","background-type":"","background-media":"","overlay-type":"","overlay-color":"","overlay-opacity":"","overlay-gradient":""}},"footnotes":""},"class_list":["post-23","page","type-page","status-publish","hentry"],"publishpress_future_action":{"enabled":false,"date":"2026-04-29 11:01:06","action":"change-status","newStatus":"draft","terms":[],"taxonomy":"","extraData":[]},"publishpress_future_workflow_manual_trigger":{"enabledWorkflows":[]},"_links":{"self":[{"href":"https:\/\/www.colaistedaibheid.ie\/wp_cd_2020\/wp-json\/wp\/v2\/pages\/23","targetHints":{"allow":["GET"]}}],"collection":[{"href":"https:\/\/www.colaistedaibheid.ie\/wp_cd_2020\/wp-json\/wp\/v2\/pages"}],"about":[{"href":"https:\/\/www.colaistedaibheid.ie\/wp_cd_2020\/wp-json\/wp\/v2\/types\/page"}],"author":[{"embeddable":true,"href":"https:\/\/www.colaistedaibheid.ie\/wp_cd_2020\/wp-json\/wp\/v2\/users\/1"}],"replies":[{"embeddable":true,"href":"https:\/\/www.colaistedaibheid.ie\/wp_cd_2020\/wp-json\/wp\/v2\/comments?post=23"}],"version-history":[{"count":3,"href":"https:\/\/www.colaistedaibheid.ie\/wp_cd_2020\/wp-json\/wp\/v2\/pages\/23\/revisions"}],"predecessor-version":[{"id":469,"href":"https:\/\/www.colaistedaibheid.ie\/wp_cd_2020\/wp-json\/wp\/v2\/pages\/23\/revisions\/469"}],"wp:attachment":[{"href":"https:\/\/www.colaistedaibheid.ie\/wp_cd_2020\/wp-json\/wp\/v2\/media?parent=23"}],"curies":[{"name":"wp","href":"https:\/\/api.w.org\/{rel}","templated":true}]}}