{"id":2255,"date":"2020-08-07T08:46:19","date_gmt":"2020-08-07T08:46:19","guid":{"rendered":"http:\/\/www.colaistedaibheid.ie\/wp_cd_2020\/?page_id=2255"},"modified":"2020-09-15T10:19:12","modified_gmt":"2020-09-15T10:19:12","slug":"an-chian-fhoghlaim","status":"publish","type":"page","link":"https:\/\/www.colaistedaibheid.ie\/wp_cd_2020\/an-chian-fhoghlaim\/","title":{"rendered":"An chianfoghlaim"},"content":{"rendered":"\t\t<div data-elementor-type=\"wp-page\" data-elementor-id=\"2255\" class=\"elementor elementor-2255\">\n\t\t\t\t\t\t<section class=\"elementor-section elementor-top-section elementor-element elementor-element-d58eac9 elementor-section-boxed elementor-section-height-default elementor-section-height-default\" data-id=\"d58eac9\" data-element_type=\"section\" data-e-type=\"section\">\n\t\t\t\t\t\t<div class=\"elementor-container elementor-column-gap-default\">\n\t\t\t\t\t<div class=\"elementor-column elementor-col-100 elementor-top-column elementor-element elementor-element-7eb46f7\" data-id=\"7eb46f7\" data-element_type=\"column\" data-e-type=\"column\">\n\t\t\t<div class=\"elementor-widget-wrap elementor-element-populated\">\n\t\t\t\t\t\t<div class=\"elementor-element elementor-element-8b77164 elementor-widget elementor-widget-image\" data-id=\"8b77164\" data-element_type=\"widget\" data-e-type=\"widget\" data-widget_type=\"image.default\">\n\t\t\t\t<div class=\"elementor-widget-container\">\n\t\t\t\t\t\t\t\t\t\t\t\t\t\t\t<img fetchpriority=\"high\" decoding=\"async\" width=\"1000\" height=\"665\" src=\"http:\/\/www.colaistedaibheid.ie\/wp_cd_2020\/wp-content\/uploads\/DSC_1208.jpg\" class=\"attachment-large size-large wp-image-2322\" alt=\"\" srcset=\"http:\/\/www.colaistedaibheid.ie\/wp_cd_2020\/wp-content\/uploads\/DSC_1208.jpg 1000w, http:\/\/www.colaistedaibheid.ie\/wp_cd_2020\/wp-content\/uploads\/DSC_1208-800x532.jpg 800w, http:\/\/www.colaistedaibheid.ie\/wp_cd_2020\/wp-content\/uploads\/DSC_1208-768x511.jpg 768w\" sizes=\"(max-width: 1000px) 100vw, 1000px\" \/>\t\t\t\t\t\t\t\t\t\t\t\t\t\t\t<\/div>\n\t\t\t\t<\/div>\n\t\t\t\t<div class=\"elementor-element elementor-element-31ebb16 elementor-widget elementor-widget-spacer\" data-id=\"31ebb16\" data-element_type=\"widget\" data-e-type=\"widget\" data-widget_type=\"spacer.default\">\n\t\t\t\t<div class=\"elementor-widget-container\">\n\t\t\t\t\t\t\t<div class=\"elementor-spacer\">\n\t\t\t<div class=\"elementor-spacer-inner\"><\/div>\n\t\t<\/div>\n\t\t\t\t\t\t<\/div>\n\t\t\t\t<\/div>\n\t\t\t\t\t<\/div>\n\t\t<\/div>\n\t\t\t\t\t<\/div>\n\t\t<\/section>\n\t\t\t\t<section class=\"elementor-section elementor-top-section elementor-element elementor-element-78661f7 elementor-section-boxed elementor-section-height-default elementor-section-height-default\" data-id=\"78661f7\" data-element_type=\"section\" data-e-type=\"section\">\n\t\t\t\t\t\t<div class=\"elementor-container elementor-column-gap-default\">\n\t\t\t\t\t<div class=\"elementor-column elementor-col-100 elementor-top-column elementor-element elementor-element-de7707e\" data-id=\"de7707e\" data-element_type=\"column\" data-e-type=\"column\">\n\t\t\t<div class=\"elementor-widget-wrap elementor-element-populated\">\n\t\t\t\t\t\t<div class=\"elementor-element elementor-element-5aacdef elementor-widget elementor-widget-heading\" data-id=\"5aacdef\" data-element_type=\"widget\" data-e-type=\"widget\" data-widget_type=\"heading.default\">\n\t\t\t\t<div class=\"elementor-widget-container\">\n\t\t\t\t\t<h1 class=\"elementor-heading-title elementor-size-default\">An cianfhoghlaim<\/h1>\t\t\t\t<\/div>\n\t\t\t\t<\/div>\n\t\t\t\t<div class=\"elementor-element elementor-element-fc789da elementor-widget elementor-widget-spacer\" data-id=\"fc789da\" data-element_type=\"widget\" data-e-type=\"widget\" data-widget_type=\"spacer.default\">\n\t\t\t\t<div class=\"elementor-widget-container\">\n\t\t\t\t\t\t\t<div class=\"elementor-spacer\">\n\t\t\t<div class=\"elementor-spacer-inner\"><\/div>\n\t\t<\/div>\n\t\t\t\t\t\t<\/div>\n\t\t\t\t<\/div>\n\t\t\t\t\t<\/div>\n\t\t<\/div>\n\t\t\t\t\t<\/div>\n\t\t<\/section>\n\t\t\t\t<section class=\"elementor-section elementor-top-section elementor-element elementor-element-d31716d elementor-section-boxed elementor-section-height-default elementor-section-height-default\" data-id=\"d31716d\" data-element_type=\"section\" data-e-type=\"section\">\n\t\t\t\t\t\t<div class=\"elementor-container elementor-column-gap-default\">\n\t\t\t\t\t<div class=\"elementor-column elementor-col-100 elementor-top-column elementor-element elementor-element-a47e2ff\" data-id=\"a47e2ff\" data-element_type=\"column\" data-e-type=\"column\">\n\t\t\t<div class=\"elementor-widget-wrap elementor-element-populated\">\n\t\t\t\t\t\t<div class=\"elementor-element elementor-element-01c8f91 elementor-widget elementor-widget-heading\" data-id=\"01c8f91\" data-element_type=\"widget\" data-e-type=\"widget\" data-widget_type=\"heading.default\">\n\t\t\t\t<div class=\"elementor-widget-container\">\n\t\t\t\t\t<h2 class=\"elementor-heading-title elementor-size-default\">Foghlaim Chumaisc | Blended Learning<\/h2>\t\t\t\t<\/div>\n\t\t\t\t<\/div>\n\t\t\t\t<section class=\"elementor-section elementor-inner-section elementor-element elementor-element-9d825f7 elementor-section-boxed elementor-section-height-default elementor-section-height-default\" data-id=\"9d825f7\" data-element_type=\"section\" data-e-type=\"section\">\n\t\t\t\t\t\t<div class=\"elementor-container elementor-column-gap-default\">\n\t\t\t\t\t<div class=\"elementor-column elementor-col-50 elementor-inner-column elementor-element elementor-element-6a11717\" data-id=\"6a11717\" data-element_type=\"column\" data-e-type=\"column\">\n\t\t\t<div class=\"elementor-widget-wrap elementor-element-populated\">\n\t\t\t\t\t\t<div class=\"elementor-element elementor-element-e379433 elementor-widget elementor-widget-text-editor\" data-id=\"e379433\" data-element_type=\"widget\" data-e-type=\"widget\" data-widget_type=\"text-editor.default\">\n\t\t\t\t<div class=\"elementor-widget-container\">\n\t\t\t\t\t\t\t\t\t<header><p>B\u00edonn \u00e9iteas leanbhl\u00e1rnach i gCol\u00e1iste Daibh\u00e9id agus cuireann an foghlaim chumaisc leis an \u00e9iteas seo. \u00das\u00e1ideann m\u00fainteoir\u00ed measc\u00e1n de modhanna m\u00fainteoireachta, \u00e1iseanna digiteach in a measc. Is \u00ed GSuite don oideachas an \u00e1rd\u00e1n at\u00e1 in \u00fas\u00e1id ag an scoil. Le linn aon d\u00fanadh de bharr an cor\u00f3inv\u00edreas is anseo a bheidh an obair \u00e1 roinnt. Tugtar ephost scoile do gach dalta chun an \u00e1rd\u00e1n seo a \u00fas\u00e1id. N\u00ed ghlactar le \u00fas\u00e1id aon ephost eile. B\u00edonn traen\u00e1il ag gach dalta ar conas gsuite a \u00fas\u00e1id agus is sl\u00ed \u00ed chun cumars\u00e1id oscailte a choime\u00e1d le m\u00fainteoir\u00ed. Nuair at\u00e1 an scoil oscailte go hioml\u00e1n \u00fas\u00e1idtear modhanna digiteacha chun scileanna foghlaim a spreagadh, mar aon le n\u00f3ta\u00ed \u2018s f\u00edseanna breise a chur ar f\u00e1il chun tac\u00fa le obair neamhsple\u00e1ch an dalta.<\/p><\/header>\t\t\t\t\t\t\t\t<\/div>\n\t\t\t\t<\/div>\n\t\t\t\t<div class=\"elementor-element elementor-element-c9875fe elementor-align-justify elementor-widget elementor-widget-button\" data-id=\"c9875fe\" data-element_type=\"widget\" data-e-type=\"widget\" data-widget_type=\"button.default\">\n\t\t\t\t<div class=\"elementor-widget-container\">\n\t\t\t\t\t\t\t\t\t<div class=\"elementor-button-wrapper\">\n\t\t\t\t\t<a class=\"elementor-button elementor-button-link elementor-size-sm\" href=\"http:\/\/www.colaistedaibheid.ie\/wp_cd_2020\/wp-content\/uploads\/Treoirl\u00ednte-ar-\u00fas\u00e1id-GSuite.pdf\">\n\t\t\t\t\t\t<span class=\"elementor-button-content-wrapper\">\n\t\t\t\t\t\t<span class=\"elementor-button-icon\">\n\t\t\t\t<i aria-hidden=\"true\" class=\"fas fa-file-download\"><\/i>\t\t\t<\/span>\n\t\t\t\t\t\t\t\t\t<span class=\"elementor-button-text\">Treoirl\u00ednte ar conas an G-Suite c\u00f3ras a \u00fas\u00e1id<\/span>\n\t\t\t\t\t<\/span>\n\t\t\t\t\t<\/a>\n\t\t\t\t<\/div>\n\t\t\t\t\t\t\t\t<\/div>\n\t\t\t\t<\/div>\n\t\t\t\t\t<\/div>\n\t\t<\/div>\n\t\t\t\t<div class=\"elementor-column elementor-col-50 elementor-inner-column elementor-element elementor-element-dff0ee5\" data-id=\"dff0ee5\" data-element_type=\"column\" data-e-type=\"column\">\n\t\t\t<div class=\"elementor-widget-wrap elementor-element-populated\">\n\t\t\t\t\t\t<div class=\"elementor-element elementor-element-7db85f2 elementor-widget elementor-widget-text-editor\" data-id=\"7db85f2\" data-element_type=\"widget\" data-e-type=\"widget\" data-widget_type=\"text-editor.default\">\n\t\t\t\t<div class=\"elementor-widget-container\">\n\t\t\t\t\t\t\t\t\t<header><p>There is a student centred ethos in Col\u00e1iste Daibh\u00e9id and a blended learning approach, between face to face and digital platforms, adds greatly to this ethos. Teachers use a variety of teaching techniques including digital learning. GSuite for Education is what is used in the school. For any school closure due to a Public Health Emergency, this is where students will receive their work and communicate with teachers. Every student receives training on the use of GSuite and is given a school email for use on the system. When the school is fully open, GSuite for Education provides a place for students to develop their independent learning skills. Teachers use the platform to provide additional notes, tasks and videos when relevant.<\/p><\/header>\t\t\t\t\t\t\t\t<\/div>\n\t\t\t\t<\/div>\n\t\t\t\t<div class=\"elementor-element elementor-element-670c2b6 elementor-align-justify elementor-widget elementor-widget-button\" data-id=\"670c2b6\" data-element_type=\"widget\" data-e-type=\"widget\" data-widget_type=\"button.default\">\n\t\t\t\t<div class=\"elementor-widget-container\">\n\t\t\t\t\t\t\t\t\t<div class=\"elementor-button-wrapper\">\n\t\t\t\t\t<a class=\"elementor-button elementor-button-link elementor-size-sm\" href=\"http:\/\/www.colaistedaibheid.ie\/wp_cd_2020\/wp-content\/uploads\/Guidelines-for-using-GSuite-for-Education.pdf\">\n\t\t\t\t\t\t<span class=\"elementor-button-content-wrapper\">\n\t\t\t\t\t\t<span class=\"elementor-button-icon\">\n\t\t\t\t<i aria-hidden=\"true\" class=\"fas fa-file-download\"><\/i>\t\t\t<\/span>\n\t\t\t\t\t\t\t\t\t<span class=\"elementor-button-text\">Guidelines on how to use the G-Suite system.<\/span>\n\t\t\t\t\t<\/span>\n\t\t\t\t\t<\/a>\n\t\t\t\t<\/div>\n\t\t\t\t\t\t\t\t<\/div>\n\t\t\t\t<\/div>\n\t\t\t\t\t<\/div>\n\t\t<\/div>\n\t\t\t\t\t<\/div>\n\t\t<\/section>\n\t\t\t\t<div class=\"elementor-element elementor-element-eb85a33 elementor-widget-divider--view-line elementor-widget elementor-widget-divider\" data-id=\"eb85a33\" data-element_type=\"widget\" data-e-type=\"widget\" data-widget_type=\"divider.default\">\n\t\t\t\t<div class=\"elementor-widget-container\">\n\t\t\t\t\t\t\t<div class=\"elementor-divider\">\n\t\t\t<span class=\"elementor-divider-separator\">\n\t\t\t\t\t\t<\/span>\n\t\t<\/div>\n\t\t\t\t\t\t<\/div>\n\t\t\t\t<\/div>\n\t\t\t\t<div class=\"elementor-element elementor-element-6f9d212 elementor-widget elementor-widget-spacer\" data-id=\"6f9d212\" data-element_type=\"widget\" data-e-type=\"widget\" data-widget_type=\"spacer.default\">\n\t\t\t\t<div class=\"elementor-widget-container\">\n\t\t\t\t\t\t\t<div class=\"elementor-spacer\">\n\t\t\t<div class=\"elementor-spacer-inner\"><\/div>\n\t\t<\/div>\n\t\t\t\t\t\t<\/div>\n\t\t\t\t<\/div>\n\t\t\t\t\t<\/div>\n\t\t<\/div>\n\t\t\t\t\t<\/div>\n\t\t<\/section>\n\t\t\t\t<section class=\"elementor-section elementor-top-section elementor-element elementor-element-70a5d8f elementor-section-boxed elementor-section-height-default elementor-section-height-default\" data-id=\"70a5d8f\" data-element_type=\"section\" data-e-type=\"section\">\n\t\t\t\t\t\t<div class=\"elementor-container elementor-column-gap-default\">\n\t\t\t\t\t<div class=\"elementor-column elementor-col-100 elementor-top-column elementor-element elementor-element-b31974f\" data-id=\"b31974f\" data-element_type=\"column\" data-e-type=\"column\">\n\t\t\t<div class=\"elementor-widget-wrap elementor-element-populated\">\n\t\t\t\t\t\t<div class=\"elementor-element elementor-element-e673504 elementor-widget elementor-widget-heading\" data-id=\"e673504\" data-element_type=\"widget\" data-e-type=\"widget\" data-widget_type=\"heading.default\">\n\t\t\t\t<div class=\"elementor-widget-container\">\n\t\t\t\t\t<h2 class=\"elementor-heading-title elementor-size-default\">Teagasc agus Foghlaim ar L\u00edne \/ Learning and Teaching Online<\/h2>\t\t\t\t<\/div>\n\t\t\t\t<\/div>\n\t\t\t\t<section class=\"elementor-section elementor-inner-section elementor-element elementor-element-7005f85 elementor-section-boxed elementor-section-height-default elementor-section-height-default\" data-id=\"7005f85\" data-element_type=\"section\" data-e-type=\"section\">\n\t\t\t\t\t\t<div class=\"elementor-container elementor-column-gap-default\">\n\t\t\t\t\t<div class=\"elementor-column elementor-col-50 elementor-inner-column elementor-element elementor-element-d2fa9a8\" data-id=\"d2fa9a8\" data-element_type=\"column\" data-e-type=\"column\">\n\t\t\t<div class=\"elementor-widget-wrap elementor-element-populated\">\n\t\t\t\t\t\t<div class=\"elementor-element elementor-element-16c73e3 elementor-widget elementor-widget-text-editor\" data-id=\"16c73e3\" data-element_type=\"widget\" data-e-type=\"widget\" data-widget_type=\"text-editor.default\">\n\t\t\t\t<div class=\"elementor-widget-container\">\n\t\t\t\t\t\t\t\t\t<header><p>Is \u00ed \u2018Barr Feabhais tr\u00ed Ghaeilge\u2019 sprioc na scoile. Taca\u00edonn an c\u00f3ras digiteach le m\u00fainteoir\u00ed freastal ar dalta\u00ed le ard cumas. Is deis \u00ed s\u00edneadh den obair ranga a chur ar f\u00e1il taobh le taobh le gn\u00e1th forbairt an dalta. Spreagtar scileanna foghlaim neamhspl\u00e9ach tr\u00edd \u00fas\u00e1id an ch\u00f3ras mar aon le muin\u00edn sa dhalta agus tuiscint ar a c(h)uid cumas f\u00e9in.<\/p><\/header>\t\t\t\t\t\t\t\t<\/div>\n\t\t\t\t<\/div>\n\t\t\t\t\t<\/div>\n\t\t<\/div>\n\t\t\t\t<div class=\"elementor-column elementor-col-50 elementor-inner-column elementor-element elementor-element-5732ebe\" data-id=\"5732ebe\" data-element_type=\"column\" data-e-type=\"column\">\n\t\t\t<div class=\"elementor-widget-wrap elementor-element-populated\">\n\t\t\t\t\t\t<div class=\"elementor-element elementor-element-22086ee elementor-widget elementor-widget-text-editor\" data-id=\"22086ee\" data-element_type=\"widget\" data-e-type=\"widget\" data-widget_type=\"text-editor.default\">\n\t\t\t\t<div class=\"elementor-widget-container\">\n\t\t\t\t\t\t\t\t\t<header><p><span style=\"font-size: 18px;\">Excellence through Irish is the goal within the school. Using a digital learning tool such as G-Suite allows for teachers to better cater to students of high ability. The platform can be used to provide extension work alongside the usual classwork to further develop students understanding of concepts. This also develops transferable skills such as independence, confidence and an ability to self-evaluate their learning.<\/span><\/p><\/header>\t\t\t\t\t\t\t\t<\/div>\n\t\t\t\t<\/div>\n\t\t\t\t\t<\/div>\n\t\t<\/div>\n\t\t\t\t\t<\/div>\n\t\t<\/section>\n\t\t\t\t<div class=\"elementor-element elementor-element-d875c83 elementor-widget-divider--view-line elementor-widget elementor-widget-divider\" data-id=\"d875c83\" data-element_type=\"widget\" data-e-type=\"widget\" data-widget_type=\"divider.default\">\n\t\t\t\t<div class=\"elementor-widget-container\">\n\t\t\t\t\t\t\t<div class=\"elementor-divider\">\n\t\t\t<span class=\"elementor-divider-separator\">\n\t\t\t\t\t\t<\/span>\n\t\t<\/div>\n\t\t\t\t\t\t<\/div>\n\t\t\t\t<\/div>\n\t\t\t\t<div class=\"elementor-element elementor-element-79f9879 elementor-widget elementor-widget-spacer\" data-id=\"79f9879\" data-element_type=\"widget\" data-e-type=\"widget\" data-widget_type=\"spacer.default\">\n\t\t\t\t<div class=\"elementor-widget-container\">\n\t\t\t\t\t\t\t<div class=\"elementor-spacer\">\n\t\t\t<div class=\"elementor-spacer-inner\"><\/div>\n\t\t<\/div>\n\t\t\t\t\t\t<\/div>\n\t\t\t\t<\/div>\n\t\t\t\t\t<\/div>\n\t\t<\/div>\n\t\t\t\t\t<\/div>\n\t\t<\/section>\n\t\t\t\t<section class=\"elementor-section elementor-top-section elementor-element elementor-element-f9e8e12 elementor-section-boxed elementor-section-height-default elementor-section-height-default\" data-id=\"f9e8e12\" data-element_type=\"section\" data-e-type=\"section\">\n\t\t\t\t\t\t<div class=\"elementor-container elementor-column-gap-default\">\n\t\t\t\t\t<div class=\"elementor-column elementor-col-100 elementor-top-column elementor-element elementor-element-2b27058\" data-id=\"2b27058\" data-element_type=\"column\" data-e-type=\"column\">\n\t\t\t<div class=\"elementor-widget-wrap elementor-element-populated\">\n\t\t\t\t\t\t<div class=\"elementor-element elementor-element-6cc05d7 elementor-widget elementor-widget-heading\" data-id=\"6cc05d7\" data-element_type=\"widget\" data-e-type=\"widget\" data-widget_type=\"heading.default\">\n\t\t\t\t<div class=\"elementor-widget-container\">\n\t\t\t\t\t<h2 class=\"elementor-heading-title elementor-size-default\">S\u00e1bh\u00e1ltacht ar an Idirl\u00edon | Safety When Using the Internet<\/h2>\t\t\t\t<\/div>\n\t\t\t\t<\/div>\n\t\t\t\t<section class=\"elementor-section elementor-inner-section elementor-element elementor-element-3eac842 elementor-section-boxed elementor-section-height-default elementor-section-height-default\" data-id=\"3eac842\" data-element_type=\"section\" data-e-type=\"section\">\n\t\t\t\t\t\t<div class=\"elementor-container elementor-column-gap-default\">\n\t\t\t\t\t<div class=\"elementor-column elementor-col-50 elementor-inner-column elementor-element elementor-element-bded12b\" data-id=\"bded12b\" data-element_type=\"column\" data-e-type=\"column\">\n\t\t\t<div class=\"elementor-widget-wrap elementor-element-populated\">\n\t\t\t\t\t\t<div class=\"elementor-element elementor-element-9caccbc elementor-widget elementor-widget-text-editor\" data-id=\"9caccbc\" data-element_type=\"widget\" data-e-type=\"widget\" data-widget_type=\"text-editor.default\">\n\t\t\t\t<div class=\"elementor-widget-container\">\n\t\t\t\t\t\t\t\t\t<header><p>Is faoin Polasa\u00ed \u00das\u00e1id Inghlachta a \u00fas\u00e1idtear aon c\u00f3ras digiteach sa scoil mar aon leis an Polasa\u00ed Frithbhula\u00edochta. M\u00e1 t\u00e1 aon m\u00ed\u00fas\u00e1id, d\u00e9antar daile\u00e1il leis faoi na polasa\u00ed seo. Is f\u00e9idir aon m\u00ed \u00fas\u00e1id a thuairisc chuig an scoil sna gn\u00e1th modhanna cumars\u00e1ide. T\u00e1 na polasa\u00ed ar f\u00e1il le l\u00e9amh ar an su\u00edomh faoi polasaithe.<\/p><p>M\u00e1 t\u00e1 aon taca\u00edocht n\u00f3 eolas maidir le s\u00e1bh\u00e1ltacht ar an idirl\u00edon n\u00f3 \u00fas\u00e1id ard\u00e1in digiteach don foghlaim, is fi\u00fa f\u00e9achaint ar <a href=\"http:\/\/www.webwise.ie\" target=\"_blank\" rel=\"noopener\">www.webwise.ie<\/a><\/p><\/header>\t\t\t\t\t\t\t\t<\/div>\n\t\t\t\t<\/div>\n\t\t\t\t\t<\/div>\n\t\t<\/div>\n\t\t\t\t<div class=\"elementor-column elementor-col-50 elementor-inner-column elementor-element elementor-element-8907921\" data-id=\"8907921\" data-element_type=\"column\" data-e-type=\"column\">\n\t\t\t<div class=\"elementor-widget-wrap elementor-element-populated\">\n\t\t\t\t\t\t<div class=\"elementor-element elementor-element-52f7402 elementor-widget elementor-widget-text-editor\" data-id=\"52f7402\" data-element_type=\"widget\" data-e-type=\"widget\" data-widget_type=\"text-editor.default\">\n\t\t\t\t<div class=\"elementor-widget-container\">\n\t\t\t\t\t\t\t\t\t<header><p>The Acceptable Usage Policy and Anti bullying policy outline the acceptable standards for use of any digital platform utilised for learning. The standards expected are the same as in the classroom setting. If there is a misuse of a digital learning platform then this will be dealt with using these policies. These are available to read on this website. To report any misuse please contact the school in the usual manner.<\/p><p>If you or your son\/daughter wish to learn more about how to stay safe when using the internet and digital learning tools, please visit <a href=\"http:\/\/www.webwise.ie\" target=\"_blank\" rel=\"noopener\">www.webwise.ie<\/a><\/p><\/header>\t\t\t\t\t\t\t\t<\/div>\n\t\t\t\t<\/div>\n\t\t\t\t\t<\/div>\n\t\t<\/div>\n\t\t\t\t\t<\/div>\n\t\t<\/section>\n\t\t\t\t<div class=\"elementor-element elementor-element-f640979 elementor-widget-divider--view-line elementor-widget elementor-widget-divider\" data-id=\"f640979\" data-element_type=\"widget\" data-e-type=\"widget\" data-widget_type=\"divider.default\">\n\t\t\t\t<div class=\"elementor-widget-container\">\n\t\t\t\t\t\t\t<div class=\"elementor-divider\">\n\t\t\t<span class=\"elementor-divider-separator\">\n\t\t\t\t\t\t<\/span>\n\t\t<\/div>\n\t\t\t\t\t\t<\/div>\n\t\t\t\t<\/div>\n\t\t\t\t<div class=\"elementor-element elementor-element-d8d48ef elementor-widget elementor-widget-spacer\" data-id=\"d8d48ef\" data-element_type=\"widget\" data-e-type=\"widget\" data-widget_type=\"spacer.default\">\n\t\t\t\t<div class=\"elementor-widget-container\">\n\t\t\t\t\t\t\t<div class=\"elementor-spacer\">\n\t\t\t<div class=\"elementor-spacer-inner\"><\/div>\n\t\t<\/div>\n\t\t\t\t\t\t<\/div>\n\t\t\t\t<\/div>\n\t\t\t\t\t<\/div>\n\t\t<\/div>\n\t\t\t\t\t<\/div>\n\t\t<\/section>\n\t\t\t\t<\/div>\n\t\t","protected":false},"excerpt":{"rendered":"<p>An cianfhoghlaim Foghlaim Chumaisc | Blended Learning B\u00edonn \u00e9iteas leanbhl\u00e1rnach i gCol\u00e1iste Daibh\u00e9id agus cuireann an foghlaim chumaisc leis an \u00e9iteas seo. \u00das\u00e1ideann m\u00fainteoir\u00ed measc\u00e1n de modhanna m\u00fainteoireachta, \u00e1iseanna digiteach in a measc. Is \u00ed GSuite don oideachas an \u00e1rd\u00e1n at\u00e1 in \u00fas\u00e1id ag an scoil. Le linn aon d\u00fanadh de bharr an cor\u00f3inv\u00edreas is [&hellip;]<\/p>\n","protected":false},"author":1,"featured_media":0,"parent":0,"menu_order":0,"comment_status":"closed","ping_status":"closed","template":"elementor_header_footer","meta":{"site-sidebar-layout":"default","site-content-layout":"default","ast-site-content-layout":"default","site-content-style":"default","site-sidebar-style":"default","ast-global-header-display":"","ast-banner-title-visibility":"","ast-main-header-display":"","ast-hfb-above-header-display":"","ast-hfb-below-header-display":"","ast-hfb-mobile-header-display":"","site-post-title":"","ast-breadcrumbs-content":"","ast-featured-img":"","footer-sml-layout":"","ast-disable-related-posts":"","theme-transparent-header-meta":"default","adv-header-id-meta":"","stick-header-meta":"","header-above-stick-meta":"","header-main-stick-meta":"","header-below-stick-meta":"","astra-migrate-meta-layouts":"default","ast-page-background-enabled":"default","ast-page-background-meta":{"desktop":{"background-color":"","background-image":"","background-repeat":"repeat","background-position":"center center","background-size":"auto","background-attachment":"scroll","background-type":"","background-media":"","overlay-type":"","overlay-color":"","overlay-opacity":"","overlay-gradient":""},"tablet":{"background-color":"","background-image":"","background-repeat":"repeat","background-position":"center center","background-size":"auto","background-attachment":"scroll","background-type":"","background-media":"","overlay-type":"","overlay-color":"","overlay-opacity":"","overlay-gradient":""},"mobile":{"background-color":"","background-image":"","background-repeat":"repeat","background-position":"center center","background-size":"auto","background-attachment":"scroll","background-type":"","background-media":"","overlay-type":"","overlay-color":"","overlay-opacity":"","overlay-gradient":""}},"ast-content-background-meta":{"desktop":{"background-color":"var(--ast-global-color-5)","background-image":"","background-repeat":"repeat","background-position":"center center","background-size":"auto","background-attachment":"scroll","background-type":"","background-media":"","overlay-type":"","overlay-color":"","overlay-opacity":"","overlay-gradient":""},"tablet":{"background-color":"var(--ast-global-color-5)","background-image":"","background-repeat":"repeat","background-position":"center center","background-size":"auto","background-attachment":"scroll","background-type":"","background-media":"","overlay-type":"","overlay-color":"","overlay-opacity":"","overlay-gradient":""},"mobile":{"background-color":"var(--ast-global-color-5)","background-image":"","background-repeat":"repeat","background-position":"center center","background-size":"auto","background-attachment":"scroll","background-type":"","background-media":"","overlay-type":"","overlay-color":"","overlay-opacity":"","overlay-gradient":""}},"footnotes":""},"class_list":["post-2255","page","type-page","status-publish","hentry"],"publishpress_future_action":{"enabled":false,"date":"2026-05-10 08:52:15","action":"change-status","newStatus":"draft","terms":[],"taxonomy":"","extraData":[]},"publishpress_future_workflow_manual_trigger":{"enabledWorkflows":[]},"_links":{"self":[{"href":"https:\/\/www.colaistedaibheid.ie\/wp_cd_2020\/wp-json\/wp\/v2\/pages\/2255","targetHints":{"allow":["GET"]}}],"collection":[{"href":"https:\/\/www.colaistedaibheid.ie\/wp_cd_2020\/wp-json\/wp\/v2\/pages"}],"about":[{"href":"https:\/\/www.colaistedaibheid.ie\/wp_cd_2020\/wp-json\/wp\/v2\/types\/page"}],"author":[{"embeddable":true,"href":"https:\/\/www.colaistedaibheid.ie\/wp_cd_2020\/wp-json\/wp\/v2\/users\/1"}],"replies":[{"embeddable":true,"href":"https:\/\/www.colaistedaibheid.ie\/wp_cd_2020\/wp-json\/wp\/v2\/comments?post=2255"}],"version-history":[{"count":9,"href":"https:\/\/www.colaistedaibheid.ie\/wp_cd_2020\/wp-json\/wp\/v2\/pages\/2255\/revisions"}],"predecessor-version":[{"id":2327,"href":"https:\/\/www.colaistedaibheid.ie\/wp_cd_2020\/wp-json\/wp\/v2\/pages\/2255\/revisions\/2327"}],"wp:attachment":[{"href":"https:\/\/www.colaistedaibheid.ie\/wp_cd_2020\/wp-json\/wp\/v2\/media?parent=2255"}],"curies":[{"name":"wp","href":"https:\/\/api.w.org\/{rel}","templated":true}]}}