{"id":64,"date":"2013-11-18T14:51:33","date_gmt":"2013-11-18T14:51:33","guid":{"rendered":"http:\/\/www.colaistedaibheid.ie\/?page_id=64"},"modified":"2022-09-05T14:39:35","modified_gmt":"2022-09-05T14:39:35","slug":"eide-scoile","status":"publish","type":"page","link":"http:\/\/www.colaistedaibheid.ie\/wp_cd_2020\/eide-scoile\/","title":{"rendered":"\u00c9ide Scoile"},"content":{"rendered":"\t\t<div data-elementor-type=\"wp-page\" data-elementor-id=\"64\" class=\"elementor elementor-64\">\n\t\t\t\t\t\t<section class=\"elementor-section elementor-top-section elementor-element elementor-element-d75343a elementor-section-boxed elementor-section-height-default elementor-section-height-default\" data-id=\"d75343a\" data-element_type=\"section\" data-e-type=\"section\">\n\t\t\t\t\t\t<div class=\"elementor-container elementor-column-gap-default\">\n\t\t\t\t\t<div class=\"elementor-column elementor-col-100 elementor-top-column elementor-element elementor-element-e6d329b\" data-id=\"e6d329b\" data-element_type=\"column\" data-e-type=\"column\">\n\t\t\t<div class=\"elementor-widget-wrap elementor-element-populated\">\n\t\t\t\t\t\t<div class=\"elementor-element elementor-element-2d30583 elementor-widget elementor-widget-spacer\" data-id=\"2d30583\" data-element_type=\"widget\" data-e-type=\"widget\" data-widget_type=\"spacer.default\">\n\t\t\t\t<div class=\"elementor-widget-container\">\n\t\t\t\t\t\t\t<div class=\"elementor-spacer\">\n\t\t\t<div class=\"elementor-spacer-inner\"><\/div>\n\t\t<\/div>\n\t\t\t\t\t\t<\/div>\n\t\t\t\t<\/div>\n\t\t\t\t\t<\/div>\n\t\t<\/div>\n\t\t\t\t\t<\/div>\n\t\t<\/section>\n\t\t\t\t<section class=\"elementor-section elementor-top-section elementor-element elementor-element-e1c9d92 elementor-section-boxed elementor-section-height-default elementor-section-height-default\" data-id=\"e1c9d92\" data-element_type=\"section\" data-e-type=\"section\">\n\t\t\t\t\t\t<div class=\"elementor-container elementor-column-gap-default\">\n\t\t\t\t\t<div class=\"elementor-column elementor-col-50 elementor-top-column elementor-element elementor-element-652a6f78\" data-id=\"652a6f78\" data-element_type=\"column\" data-e-type=\"column\">\n\t\t\t<div class=\"elementor-widget-wrap elementor-element-populated\">\n\t\t\t\t\t\t<div class=\"elementor-element elementor-element-110131c9 elementor-widget elementor-widget-text-editor\" data-id=\"110131c9\" data-element_type=\"widget\" data-e-type=\"widget\" data-widget_type=\"text-editor.default\">\n\t\t\t\t<div class=\"elementor-widget-container\">\n\t\t\t\t\t\t\t\t\t<h1>Eide Scoile<\/h1><p>Is f\u00e9idir dul i dteangbh\u00e1il le Laura&#8217;s School Wear, Douglas, Cork (4368210) n\u00f3 Buckleys Schoolwear, Shandon St., Cork (4304426) r-phost: buckleysschoolwear@eircom.net. \u00a0Maidir le c\u00f3d na n-eada\u00ed scoile:<\/p><ul><li>\u2018S\u00e9 eada\u00ed scoile Chol\u00e1iste Daibh\u00e9id n\u00e1: Geansa\u00ed Liath scoile le suaitheantas na scoile, carbhat scoile, br\u00edste d\u00faghorm\/sciorta d\u00faghorm fillte, br\u00f3ga dubha, seaic\u00e9ad scoile, t-l\u00e9ine d\u00faghorm polo scoile, L\u00e9ine liath.<\/li><li>Ba cheart do na broga bheith ina mbr\u00f3ga scoile dubha simpl\u00ed. N\u00ed chead\u00e1itear broga reatha. N.B. Ar ch\u00faiseanna praictici\u00falachta, comp\u00f3ird agus s\u00e1bh\u00e1ltachta n\u00ed chead\u00f3far broga le s\u00e1il\u00ed arda n\u00e1 broga ard\u00e1in, s\u00e9 sin le r\u00e1 n\u00ed chead\u00f3far s\u00e1la bheith n\u00edos airde n\u00e1 6cm \u00f3 bhonn na s\u00e1ile go dt\u00ed an bhr\u00f3g f\u00e9in.<\/li><li>Ba cheart do fh\u00e1inn\u00ed cluaise a bheith simpl\u00ed agus gan a bheith r\u00f3-mh\u00f3r. N\u00ed chead\u00e1itear n\u00edos m\u00f3 n\u00e1 p\u00e9ire amh\u00e1in agus ba cheart iad si\u00fad a chaitheamh ar liopa na cluaise amh\u00e1in. N\u00ed <a href=\"http:\/\/www.colaistedaibheid.ie\/wp_cd_2020\/wp-content\/uploads\/choir.jpg\"><br \/><\/a>cheada\u00edtear do bhuachaill\u00ed f\u00e1inn\u00ed cluaise &amp;rl a chaitheamh.<\/li><li>Ba cheart do sheodra cos\u00fail le br\u00e1isl\u00e9id\u00ed agus f\u00e1inn\u00ed l\u00e1imhe a bheith teoranta, s\u00e9 sin gan n\u00edos m\u00f3 n\u00e1 ceann n\u00f3 dh\u00f3 a bheith \u00e1 chaitheamh agus ba cheart go mbeid\u00eds simpl\u00ed \u00f3 thaobh stile de. T\u00e1 s\u00e9 ceadaithe siogairl\u00edn simpl\u00ed a chaitheamh. N\u00ed chead\u00e1itear \u2018seodra culaithigh\u2019 n\u00e1 aon seodra eile nach bhfuil luaite anseo.<\/li><li>B\u00edtear ag s\u00fail go gclo\u00edfidh dalta\u00ed na scoile leis an gc\u00f3d seo fad \u2018s at\u00e1 \u00e9ada\u00ed na scoile \u00e1 chaitheamh acu, s\u00e9 sin ar scoil agus taobh amuigh den scoil.<\/li><li>N\u00ed cheada\u00edtear st\u00edleanna gruaige at\u00e1 thar f\u00f3ir. San \u00e1ireamh anseo t\u00e1 dathanna cos\u00fail le b\u00e1n at\u00e1 thar f\u00f3ir n\u00f3 dathanna nach dathanna n\u00e1d\u00fartha iad.<\/li><li>Cruth\u00f3far deacrachta\u00ed mura gclo\u00edtear le caitheamh na n-\u00e9adai scoile mar at\u00e1 leagtha s\u00edos. (Is f\u00e9idir le dalta a chur abhaile \u2013tar \u00e9is dul i dteangbh\u00e1il leis an tuismitheoir- ar aon l\u00e1 faoi leith mura bhfuil se\/s\u00ed ag clo\u00ed le c\u00f3d na n-\u00e9ada\u00ed scoile ar an l\u00e1 sin). Iarrtar ar thuismitheoir\u00ed comhoibri\u00fa leis an scoil chun c\u00f3d na n-eada\u00ed scoile a chur i gcr\u00edch go hioml\u00e1n.<\/li><\/ul><p>T\u00e1 cead ag dalta\u00ed culaith reatha na scoile a chaitheamh ar an l\u00e1 corpoideachas. Muna bhfuil culaith reatha na scoile ag dalta ba cheart d\u00f3ibh na ghn\u00e1th-eada\u00ed scoile a chaitheamh. N\u00edl s\u00e9 ceadaithe ag dalta\u00ed a culaith reatha f\u00e9in a chaitheamh.<\/p><p>M\u00e1 thagann dalta isteach ar scoil aon l\u00e1 gan na h\u00e9ada\u00ed cearta, caithfidh siad dul go dt\u00ed an Oifig agus an chuid sin den \u00e9ide scoile at\u00e1 in easnamh a fh\u00e1il ar iasacht \u00f3n Oifig.<\/p>\t\t\t\t\t\t\t\t<\/div>\n\t\t\t\t<\/div>\n\t\t\t\t<div class=\"elementor-element elementor-element-01203de elementor-widget-divider--view-line elementor-widget elementor-widget-divider\" data-id=\"01203de\" data-element_type=\"widget\" data-e-type=\"widget\" data-widget_type=\"divider.default\">\n\t\t\t\t<div class=\"elementor-widget-container\">\n\t\t\t\t\t\t\t<div class=\"elementor-divider\">\n\t\t\t<span class=\"elementor-divider-separator\">\n\t\t\t\t\t\t<\/span>\n\t\t<\/div>\n\t\t\t\t\t\t<\/div>\n\t\t\t\t<\/div>\n\t\t\t\t<div class=\"elementor-element elementor-element-0cb5924 elementor-widget elementor-widget-text-editor\" data-id=\"0cb5924\" data-element_type=\"widget\" data-e-type=\"widget\" data-widget_type=\"text-editor.default\">\n\t\t\t\t<div class=\"elementor-widget-container\">\n\t\t\t\t\t\t\t\t\t<p><\/p>\n<h2>School Uniform<\/h2>\n<p>The school dress code is as follows:<\/p>\n<ul>\n<li>Uniform: Grey school jumper with school crest, school tie, navy pants\/pleated skirt, black shoes, school jacket, navy school poloshirt, grey shirt.<\/li>\n<li>Shoes should be black. Runners are not allowed. For reasons of practicality, comfort and safety shoes with high heels or platform shoes are not allowed. A shoe with a heel greater than 6 cm is not permitted in the school.<\/li>\n<li>Ear-rings should be simple small studs. Only one pair is permitted and should be in the lobe of the ear. Boys are not allowed to wear ear-rings.<\/li>\n<li>Limited wearing of simple jewellery is permitted i.e. bracelets and rings. The student should not have more than one or two. Students are permitted to wear a simple pendant. Jewellery is not permitted on the uniform, nor is any jewellery not mentioned above.<\/li>\n<li>We expect that students will adhere to the code while they wear the uniform, both in school and outside school.<\/li>\n<li>Excessive hair-styles are not permitted. This includes hair that is bleached or colouring that is inappropriate. i.e. colouring that is not natural.<\/li>\n<li>Difficulties arise when the code in relation to uniform is not adhered to. (A student can be sent home after consultation with the parents on any particular day that a student does not maintain this code. We value parental cooperation in this matter.<\/li>\n<\/ul>\n<p>Students may wear the school track-suit on the day they are timetabled for PE. If a student does not have a school tracksuit he\/she must wear the school uniform.<\/p>\n<p>If a student comes to school any day without part of the school uniform, they must go to the Office, where they will receive it on loan for the day<\/p>\t\t\t\t\t\t\t\t<\/div>\n\t\t\t\t<\/div>\n\t\t\t\t\t<\/div>\n\t\t<\/div>\n\t\t\t\t<div class=\"elementor-column elementor-col-50 elementor-top-column elementor-element elementor-element-ce9fe18\" data-id=\"ce9fe18\" data-element_type=\"column\" data-e-type=\"column\">\n\t\t\t<div class=\"elementor-widget-wrap elementor-element-populated\">\n\t\t\t\t\t\t<div class=\"elementor-element elementor-element-ff5ae86 elementor-widget elementor-widget-image\" data-id=\"ff5ae86\" data-element_type=\"widget\" data-e-type=\"widget\" data-widget_type=\"image.default\">\n\t\t\t\t<div class=\"elementor-widget-container\">\n\t\t\t\t\t\t\t\t\t\t\t\t\t\t\t<img fetchpriority=\"high\" decoding=\"async\" width=\"400\" height=\"268\" src=\"http:\/\/www.colaistedaibheid.ie\/wp_cd_2020\/wp-content\/uploads\/tile-uniform.jpg\" class=\"attachment-medium size-medium wp-image-2085\" alt=\"\" \/>\t\t\t\t\t\t\t\t\t\t\t\t\t\t\t<\/div>\n\t\t\t\t<\/div>\n\t\t\t\t\t<\/div>\n\t\t<\/div>\n\t\t\t\t\t<\/div>\n\t\t<\/section>\n\t\t\t\t<\/div>\n\t\t","protected":false},"excerpt":{"rendered":"<p>Eide Scoile Is f\u00e9idir dul i dteangbh\u00e1il le Laura&#8217;s School Wear, Douglas, Cork (4368210) n\u00f3 Buckleys Schoolwear, Shandon St., Cork (4304426) r-phost: buckleysschoolwear@eircom.net. \u00a0Maidir le c\u00f3d na n-eada\u00ed scoile: \u2018S\u00e9 eada\u00ed scoile Chol\u00e1iste Daibh\u00e9id n\u00e1: Geansa\u00ed Liath scoile le suaitheantas na scoile, carbhat scoile, br\u00edste d\u00faghorm\/sciorta d\u00faghorm fillte, br\u00f3ga dubha, seaic\u00e9ad scoile, t-l\u00e9ine d\u00faghorm polo [&hellip;]<\/p>\n","protected":false},"author":1,"featured_media":0,"parent":0,"menu_order":0,"comment_status":"closed","ping_status":"closed","template":"elementor_header_footer","meta":{"site-sidebar-layout":"default","site-content-layout":"default","ast-site-content-layout":"default","site-content-style":"default","site-sidebar-style":"default","ast-global-header-display":"","ast-banner-title-visibility":"","ast-main-header-display":"","ast-hfb-above-header-display":"","ast-hfb-below-header-display":"","ast-hfb-mobile-header-display":"","site-post-title":"","ast-breadcrumbs-content":"","ast-featured-img":"","footer-sml-layout":"","ast-disable-related-posts":"","theme-transparent-header-meta":"default","adv-header-id-meta":"","stick-header-meta":"","header-above-stick-meta":"","header-main-stick-meta":"","header-below-stick-meta":"","astra-migrate-meta-layouts":"default","ast-page-background-enabled":"default","ast-page-background-meta":{"desktop":{"background-color":"","background-image":"","background-repeat":"repeat","background-position":"center center","background-size":"auto","background-attachment":"scroll","background-type":"","background-media":"","overlay-type":"","overlay-color":"","overlay-opacity":"","overlay-gradient":""},"tablet":{"background-color":"","background-image":"","background-repeat":"repeat","background-position":"center center","background-size":"auto","background-attachment":"scroll","background-type":"","background-media":"","overlay-type":"","overlay-color":"","overlay-opacity":"","overlay-gradient":""},"mobile":{"background-color":"","background-image":"","background-repeat":"repeat","background-position":"center center","background-size":"auto","background-attachment":"scroll","background-type":"","background-media":"","overlay-type":"","overlay-color":"","overlay-opacity":"","overlay-gradient":""}},"ast-content-background-meta":{"desktop":{"background-color":"var(--ast-global-color-5)","background-image":"","background-repeat":"repeat","background-position":"center center","background-size":"auto","background-attachment":"scroll","background-type":"","background-media":"","overlay-type":"","overlay-color":"","overlay-opacity":"","overlay-gradient":""},"tablet":{"background-color":"var(--ast-global-color-5)","background-image":"","background-repeat":"repeat","background-position":"center center","background-size":"auto","background-attachment":"scroll","background-type":"","background-media":"","overlay-type":"","overlay-color":"","overlay-opacity":"","overlay-gradient":""},"mobile":{"background-color":"var(--ast-global-color-5)","background-image":"","background-repeat":"repeat","background-position":"center center","background-size":"auto","background-attachment":"scroll","background-type":"","background-media":"","overlay-type":"","overlay-color":"","overlay-opacity":"","overlay-gradient":""}},"footnotes":""},"class_list":["post-64","page","type-page","status-publish","hentry"],"publishpress_future_action":{"enabled":false,"date":"2026-05-09 11:25:40","action":"change-status","newStatus":"draft","terms":[],"taxonomy":"","extraData":[]},"publishpress_future_workflow_manual_trigger":{"enabledWorkflows":[]},"_links":{"self":[{"href":"http:\/\/www.colaistedaibheid.ie\/wp_cd_2020\/wp-json\/wp\/v2\/pages\/64","targetHints":{"allow":["GET"]}}],"collection":[{"href":"http:\/\/www.colaistedaibheid.ie\/wp_cd_2020\/wp-json\/wp\/v2\/pages"}],"about":[{"href":"http:\/\/www.colaistedaibheid.ie\/wp_cd_2020\/wp-json\/wp\/v2\/types\/page"}],"author":[{"embeddable":true,"href":"http:\/\/www.colaistedaibheid.ie\/wp_cd_2020\/wp-json\/wp\/v2\/users\/1"}],"replies":[{"embeddable":true,"href":"http:\/\/www.colaistedaibheid.ie\/wp_cd_2020\/wp-json\/wp\/v2\/comments?post=64"}],"version-history":[{"count":9,"href":"http:\/\/www.colaistedaibheid.ie\/wp_cd_2020\/wp-json\/wp\/v2\/pages\/64\/revisions"}],"predecessor-version":[{"id":3631,"href":"http:\/\/www.colaistedaibheid.ie\/wp_cd_2020\/wp-json\/wp\/v2\/pages\/64\/revisions\/3631"}],"wp:attachment":[{"href":"http:\/\/www.colaistedaibheid.ie\/wp_cd_2020\/wp-json\/wp\/v2\/media?parent=64"}],"curies":[{"name":"wp","href":"https:\/\/api.w.org\/{rel}","templated":true}]}}