{"id":28,"date":"2013-02-08T09:30:59","date_gmt":"2013-02-08T09:30:59","guid":{"rendered":"http:\/\/www.colaistedaibheid.ie\/?page_id=28"},"modified":"2020-09-02T16:44:06","modified_gmt":"2020-09-02T16:44:06","slug":"imeachtai-eischuraclam","status":"publish","type":"page","link":"http:\/\/www.colaistedaibheid.ie\/wp_cd_2020\/imeachtai-eischuraclam\/","title":{"rendered":"Imeachta\u00ed Eis-churaclama"},"content":{"rendered":"\t\t<div data-elementor-type=\"wp-page\" data-elementor-id=\"28\" class=\"elementor elementor-28\">\n\t\t\t\t\t\t<section class=\"elementor-section elementor-top-section elementor-element elementor-element-55d54a6a elementor-section-boxed elementor-section-height-default elementor-section-height-default\" data-id=\"55d54a6a\" data-element_type=\"section\" data-e-type=\"section\">\n\t\t\t\t\t\t<div class=\"elementor-container elementor-column-gap-default\">\n\t\t\t\t\t<div class=\"elementor-column elementor-col-50 elementor-top-column elementor-element elementor-element-11e664ea\" data-id=\"11e664ea\" data-element_type=\"column\" data-e-type=\"column\">\n\t\t\t<div class=\"elementor-widget-wrap elementor-element-populated\">\n\t\t\t\t\t\t<div class=\"elementor-element elementor-element-7ff2846 elementor-widget elementor-widget-spacer\" data-id=\"7ff2846\" data-element_type=\"widget\" data-e-type=\"widget\" data-widget_type=\"spacer.default\">\n\t\t\t\t<div class=\"elementor-widget-container\">\n\t\t\t\t\t\t\t<div class=\"elementor-spacer\">\n\t\t\t<div class=\"elementor-spacer-inner\"><\/div>\n\t\t<\/div>\n\t\t\t\t\t\t<\/div>\n\t\t\t\t<\/div>\n\t\t\t\t<div class=\"elementor-element elementor-element-710989d elementor-widget elementor-widget-heading\" data-id=\"710989d\" data-element_type=\"widget\" data-e-type=\"widget\" data-widget_type=\"heading.default\">\n\t\t\t\t<div class=\"elementor-widget-container\">\n\t\t\t\t\t<h2 class=\"elementor-heading-title elementor-size-default\">Imeachta\u00ed Eis-churaclama | Extra Curricular Activities<\/h2>\t\t\t\t<\/div>\n\t\t\t\t<\/div>\n\t\t\t\t<div class=\"elementor-element elementor-element-77f6c2f elementor-widget elementor-widget-text-editor\" data-id=\"77f6c2f\" data-element_type=\"widget\" data-e-type=\"widget\" data-widget_type=\"text-editor.default\">\n\t\t\t\t<div class=\"elementor-widget-container\">\n\t\t\t\t\t\t\t\t\t<p>Cuirtear an-chuid imeachta\u00ed eischuraclama ar f\u00e1il anso i gCol\u00e1iste Daibh\u00e9id, san \u00e1ireamh:<br \/>A wide range of extra-curricular activities are on offer here in Col\u00e1iste Daibh\u00e9id, including:<\/p>\t\t\t\t\t\t\t\t<\/div>\n\t\t\t\t<\/div>\n\t\t\t\t<section class=\"elementor-section elementor-inner-section elementor-element elementor-element-e826c0a elementor-section-boxed elementor-section-height-default elementor-section-height-default\" data-id=\"e826c0a\" data-element_type=\"section\" data-e-type=\"section\">\n\t\t\t\t\t\t<div class=\"elementor-container elementor-column-gap-default\">\n\t\t\t\t\t<div class=\"elementor-column elementor-col-50 elementor-inner-column elementor-element elementor-element-0209136\" data-id=\"0209136\" data-element_type=\"column\" data-e-type=\"column\">\n\t\t\t<div class=\"elementor-widget-wrap elementor-element-populated\">\n\t\t\t\t\t\t<div class=\"elementor-element elementor-element-0f36510 elementor-widget elementor-widget-text-editor\" data-id=\"0f36510\" data-element_type=\"widget\" data-e-type=\"widget\" data-widget_type=\"text-editor.default\">\n\t\t\t\t<div class=\"elementor-widget-container\">\n\t\t\t\t\t\t\t\t\t<ul><li>Comortas Eola\u00edochta UCC<\/li><li>Com\u00f3rtais\u00ed Thr\u00e1th na gCeist<\/li><li>Tionscnamh \u2018Discovering Cork\u2019<\/li><li>Tras T\u00edre<\/li><li>Luthchleasa\u00edocht<\/li><li>An t-Eola\u00ed \u00f3g<\/li><li>Turasanna Oideachais: Neid\u00edn, Kilfinnan, Danlann Naisi\u00fanta, Tr\u00e1 Bholg\u00e1in<\/li><li>Drama\u00edocht (F\u00e9ile na hIdirbhliana\/F\u00e9ile Naisi\u00fanta).<\/li><li>Peil Ghaelach<\/li><li>Camoga\u00edocht<\/li><li>D\u00edosp\u00f3ireacht<\/li><li>\u00d3r\u00e1id\u00edocht Phoibl\u00ed Seap\u00e1inis<\/li><li>Fil\u00edocht a l\u00e9amh\u00a0(Poetry Aloud)<\/li><\/ul>\t\t\t\t\t\t\t\t<\/div>\n\t\t\t\t<\/div>\n\t\t\t\t\t<\/div>\n\t\t<\/div>\n\t\t\t\t<div class=\"elementor-column elementor-col-50 elementor-inner-column elementor-element elementor-element-355431b\" data-id=\"355431b\" data-element_type=\"column\" data-e-type=\"column\">\n\t\t\t<div class=\"elementor-widget-wrap elementor-element-populated\">\n\t\t\t\t\t\t<div class=\"elementor-element elementor-element-bb61691 elementor-widget elementor-widget-text-editor\" data-id=\"bb61691\" data-element_type=\"widget\" data-e-type=\"widget\" data-widget_type=\"text-editor.default\">\n\t\t\t\t<div class=\"elementor-widget-container\">\n\t\t\t\t\t\t\t\t\t<ul><li>Eala\u00edn<\/li><li>Com\u00f3rtais\u00ed Ceoil &#8211; Scl\u00e9ip<\/li><li>Airgead a bhaili\u00fa ar son na Carthannachta<\/li><li>Gaisce<\/li><li>Com\u00f3rtas Scoile Bainc<\/li><li>Rianad\u00f3ireacht<\/li><li>Iom\u00e1int<\/li><li>Cispheil<\/li><li>Sacar<\/li><li>Currachad\u00f3ireacht<\/li><li>Haca<\/li><\/ul>\t\t\t\t\t\t\t\t<\/div>\n\t\t\t\t<\/div>\n\t\t\t\t\t<\/div>\n\t\t<\/div>\n\t\t\t\t\t<\/div>\n\t\t<\/section>\n\t\t\t\t\t<\/div>\n\t\t<\/div>\n\t\t\t\t<div class=\"elementor-column elementor-col-50 elementor-top-column elementor-element elementor-element-445d3c8\" data-id=\"445d3c8\" data-element_type=\"column\" data-e-type=\"column\">\n\t\t\t<div class=\"elementor-widget-wrap elementor-element-populated\">\n\t\t\t\t\t\t<div class=\"elementor-element elementor-element-b00ac46 elementor-widget elementor-widget-image\" data-id=\"b00ac46\" data-element_type=\"widget\" data-e-type=\"widget\" data-widget_type=\"image.default\">\n\t\t\t\t<div class=\"elementor-widget-container\">\n\t\t\t\t\t\t\t\t\t\t\t\t\t\t\t<img fetchpriority=\"high\" decoding=\"async\" width=\"800\" height=\"451\" src=\"http:\/\/www.colaistedaibheid.ie\/wp_cd_2020\/wp-content\/uploads\/IMG_9190-800x451.png\" class=\"attachment-medium size-medium wp-image-1797\" alt=\"\" srcset=\"http:\/\/www.colaistedaibheid.ie\/wp_cd_2020\/wp-content\/uploads\/IMG_9190-800x451.png 800w, http:\/\/www.colaistedaibheid.ie\/wp_cd_2020\/wp-content\/uploads\/IMG_9190-768x433.png 768w, http:\/\/www.colaistedaibheid.ie\/wp_cd_2020\/wp-content\/uploads\/IMG_9190.png 1136w\" sizes=\"(max-width: 800px) 100vw, 800px\" \/>\t\t\t\t\t\t\t\t\t\t\t\t\t\t\t<\/div>\n\t\t\t\t<\/div>\n\t\t\t\t<div class=\"elementor-element elementor-element-335ba79 elementor-widget elementor-widget-image\" data-id=\"335ba79\" data-element_type=\"widget\" data-e-type=\"widget\" data-widget_type=\"image.default\">\n\t\t\t\t<div class=\"elementor-widget-container\">\n\t\t\t\t\t\t\t\t\t\t\t\t\t\t\t<img decoding=\"async\" width=\"750\" height=\"530\" src=\"http:\/\/www.colaistedaibheid.ie\/wp_cd_2020\/wp-content\/uploads\/IMG_0846.jpg\" class=\"attachment-medium size-medium wp-image-1722\" alt=\"\" \/>\t\t\t\t\t\t\t\t\t\t\t\t\t\t\t<\/div>\n\t\t\t\t<\/div>\n\t\t\t\t<div class=\"elementor-element elementor-element-e98fd68 elementor-widget elementor-widget-image\" data-id=\"e98fd68\" data-element_type=\"widget\" data-e-type=\"widget\" data-widget_type=\"image.default\">\n\t\t\t\t<div class=\"elementor-widget-container\">\n\t\t\t\t\t\t\t\t\t\t\t\t\t\t\t<img decoding=\"async\" width=\"1100\" height=\"825\" src=\"http:\/\/www.colaistedaibheid.ie\/wp_cd_2020\/wp-content\/uploads\/IMG_4380.jpg\" class=\"attachment-large size-large wp-image-1655\" alt=\"\" srcset=\"http:\/\/www.colaistedaibheid.ie\/wp_cd_2020\/wp-content\/uploads\/IMG_4380.jpg 1100w, http:\/\/www.colaistedaibheid.ie\/wp_cd_2020\/wp-content\/uploads\/IMG_4380-800x600.jpg 800w, http:\/\/www.colaistedaibheid.ie\/wp_cd_2020\/wp-content\/uploads\/IMG_4380-768x576.jpg 768w\" sizes=\"(max-width: 1100px) 100vw, 1100px\" \/>\t\t\t\t\t\t\t\t\t\t\t\t\t\t\t<\/div>\n\t\t\t\t<\/div>\n\t\t\t\t\t<\/div>\n\t\t<\/div>\n\t\t\t\t\t<\/div>\n\t\t<\/section>\n\t\t\t\t<section class=\"elementor-section elementor-top-section elementor-element elementor-element-4ff7467 elementor-section-boxed elementor-section-height-default elementor-section-height-default\" data-id=\"4ff7467\" data-element_type=\"section\" data-e-type=\"section\">\n\t\t\t\t\t\t<div class=\"elementor-container elementor-column-gap-default\">\n\t\t\t\t\t<div class=\"elementor-column elementor-col-100 elementor-top-column elementor-element elementor-element-5ff53fb\" data-id=\"5ff53fb\" data-element_type=\"column\" data-e-type=\"column\">\n\t\t\t<div class=\"elementor-widget-wrap elementor-element-populated\">\n\t\t\t\t\t\t<div class=\"elementor-element elementor-element-4c7422b elementor-widget-divider--view-line elementor-widget elementor-widget-divider\" data-id=\"4c7422b\" data-element_type=\"widget\" data-e-type=\"widget\" data-widget_type=\"divider.default\">\n\t\t\t\t<div class=\"elementor-widget-container\">\n\t\t\t\t\t\t\t<div class=\"elementor-divider\">\n\t\t\t<span class=\"elementor-divider-separator\">\n\t\t\t\t\t\t<\/span>\n\t\t<\/div>\n\t\t\t\t\t\t<\/div>\n\t\t\t\t<\/div>\n\t\t\t\t\t<\/div>\n\t\t<\/div>\n\t\t\t\t\t<\/div>\n\t\t<\/section>\n\t\t\t\t<section class=\"elementor-section elementor-top-section elementor-element elementor-element-800aba6 elementor-section-boxed elementor-section-height-default elementor-section-height-default\" data-id=\"800aba6\" data-element_type=\"section\" data-e-type=\"section\">\n\t\t\t\t\t\t<div class=\"elementor-container elementor-column-gap-default\">\n\t\t\t\t\t<div class=\"elementor-column elementor-col-100 elementor-top-column elementor-element elementor-element-bbcd186\" data-id=\"bbcd186\" data-element_type=\"column\" data-e-type=\"column\">\n\t\t\t<div class=\"elementor-widget-wrap elementor-element-populated\">\n\t\t\t\t\t\t<div class=\"elementor-element elementor-element-c0988f9 elementor-widget elementor-widget-text-editor\" data-id=\"c0988f9\" data-element_type=\"widget\" data-e-type=\"widget\" data-widget_type=\"text-editor.default\">\n\t\t\t\t<div class=\"elementor-widget-container\">\n\t\t\t\t\t\t\t\t\t<p>Seo sceideal na n-imeachta\u00ed eischuraclama at\u00e1 ar si\u00fal f\u00e9 l\u00e1thair.<br \/>The following is the schedule of extra-curricular activities taking place in the school:<\/p>\t\t\t\t\t\t\t\t<\/div>\n\t\t\t\t<\/div>\n\t\t\t\t<div class=\"elementor-element elementor-element-2018fb2 elementor-widget elementor-widget-shortcode\" data-id=\"2018fb2\" data-element_type=\"widget\" data-e-type=\"widget\" data-widget_type=\"shortcode.default\">\n\t\t\t\t<div class=\"elementor-widget-container\">\n\t\t\t\t\t\t\t<div class=\"elementor-shortcode\">\n<table id=\"tablepress-1\" class=\"tablepress tablepress-id-1\">\n<thead>\n<tr class=\"row-1\">\n\t<th class=\"column-1\">L\u00e1<\/th><th class=\"column-2\">Gn\u00edomh<\/th><th class=\"column-3\">Le hAghaidh<\/th>\n<\/tr>\n<\/thead>\n<tbody class=\"row-striping row-hover\">\n<tr class=\"row-2\">\n\t<td class=\"column-1\">Luain<\/td><td class=\"column-2\">Cam\u00f3ga\u00edocht<\/td><td class=\"column-3\">Bliain 1 &amp; 2 (Cail\u00edn\u00ed)<\/td>\n<\/tr>\n<tr class=\"row-3\">\n\t<td class=\"column-1\">M\u00e1irt<\/td><td class=\"column-2\">C\u00f3r<br \/>\n<\/td><td class=\"column-3\">Gach \u00e9inne<br \/>\n<\/td>\n<\/tr>\n<tr class=\"row-4\">\n\t<td class=\"column-1\"><\/td><td class=\"column-2\">Haca<\/td><td class=\"column-3\">Bliain 1 &amp; 2 (Cail\u00edn\u00ed)<\/td>\n<\/tr>\n<tr class=\"row-5\">\n\t<td class=\"column-1\">C\u00e9adaoin<\/td><td class=\"column-2\">Club Robatach agus Cod\u00fa<\/td><td class=\"column-3\">Bliain 1 &amp; 2<\/td>\n<\/tr>\n<tr class=\"row-6\">\n\t<td class=\"column-1\">D\u00e9ardaoin<\/td><td class=\"column-2\">Peil<\/td><td class=\"column-3\">Gach \u00e9inne<br \/>\n<\/td>\n<\/tr>\n<tr class=\"row-7\">\n\t<td class=\"column-1\"><\/td><td class=\"column-2\">Iom\u00e1int<\/td><td class=\"column-3\">Gach \u00e9inne<\/td>\n<\/tr>\n<tr class=\"row-8\">\n\t<td class=\"column-1\"><\/td><td class=\"column-2\">Sacair<\/td><td class=\"column-3\">Gach \u00e9inne<\/td>\n<\/tr>\n<\/tbody>\n<\/table>\n<!-- #tablepress-1 from cache --><\/div>\n\t\t\t\t\t\t<\/div>\n\t\t\t\t<\/div>\n\t\t\t\t\t<\/div>\n\t\t<\/div>\n\t\t\t\t\t<\/div>\n\t\t<\/section>\n\t\t\t\t<\/div>\n\t\t","protected":false},"excerpt":{"rendered":"<p>Imeachta\u00ed Eis-churaclama | Extra Curricular Activities Cuirtear an-chuid imeachta\u00ed eischuraclama ar f\u00e1il anso i gCol\u00e1iste Daibh\u00e9id, san \u00e1ireamh:A wide range of extra-curricular activities are on offer here in Col\u00e1iste Daibh\u00e9id, including: Comortas Eola\u00edochta UCC Com\u00f3rtais\u00ed Thr\u00e1th na gCeist Tionscnamh \u2018Discovering Cork\u2019 Tras T\u00edre Luthchleasa\u00edocht An t-Eola\u00ed \u00f3g Turasanna Oideachais: Neid\u00edn, Kilfinnan, Danlann Naisi\u00fanta, Tr\u00e1 Bholg\u00e1in [&hellip;]<\/p>\n","protected":false},"author":1,"featured_media":0,"parent":0,"menu_order":0,"comment_status":"closed","ping_status":"closed","template":"elementor_header_footer","meta":{"site-sidebar-layout":"default","site-content-layout":"default","ast-site-content-layout":"default","site-content-style":"default","site-sidebar-style":"default","ast-global-header-display":"","ast-banner-title-visibility":"","ast-main-header-display":"","ast-hfb-above-header-display":"","ast-hfb-below-header-display":"","ast-hfb-mobile-header-display":"","site-post-title":"","ast-breadcrumbs-content":"","ast-featured-img":"","footer-sml-layout":"","ast-disable-related-posts":"","theme-transparent-header-meta":"default","adv-header-id-meta":"","stick-header-meta":"","header-above-stick-meta":"","header-main-stick-meta":"","header-below-stick-meta":"","astra-migrate-meta-layouts":"default","ast-page-background-enabled":"default","ast-page-background-meta":{"desktop":{"background-color":"","background-image":"","background-repeat":"repeat","background-position":"center center","background-size":"auto","background-attachment":"scroll","background-type":"","background-media":"","overlay-type":"","overlay-color":"","overlay-opacity":"","overlay-gradient":""},"tablet":{"background-color":"","background-image":"","background-repeat":"repeat","background-position":"center center","background-size":"auto","background-attachment":"scroll","background-type":"","background-media":"","overlay-type":"","overlay-color":"","overlay-opacity":"","overlay-gradient":""},"mobile":{"background-color":"","background-image":"","background-repeat":"repeat","background-position":"center center","background-size":"auto","background-attachment":"scroll","background-type":"","background-media":"","overlay-type":"","overlay-color":"","overlay-opacity":"","overlay-gradient":""}},"ast-content-background-meta":{"desktop":{"background-color":"var(--ast-global-color-5)","background-image":"","background-repeat":"repeat","background-position":"center center","background-size":"auto","background-attachment":"scroll","background-type":"","background-media":"","overlay-type":"","overlay-color":"","overlay-opacity":"","overlay-gradient":""},"tablet":{"background-color":"var(--ast-global-color-5)","background-image":"","background-repeat":"repeat","background-position":"center center","background-size":"auto","background-attachment":"scroll","background-type":"","background-media":"","overlay-type":"","overlay-color":"","overlay-opacity":"","overlay-gradient":""},"mobile":{"background-color":"var(--ast-global-color-5)","background-image":"","background-repeat":"repeat","background-position":"center center","background-size":"auto","background-attachment":"scroll","background-type":"","background-media":"","overlay-type":"","overlay-color":"","overlay-opacity":"","overlay-gradient":""}},"footnotes":""},"class_list":["post-28","page","type-page","status-publish","hentry"],"publishpress_future_action":{"enabled":false,"date":"2026-05-09 11:01:24","action":"change-status","newStatus":"draft","terms":[],"taxonomy":"","extraData":[]},"publishpress_future_workflow_manual_trigger":{"enabledWorkflows":[]},"_links":{"self":[{"href":"http:\/\/www.colaistedaibheid.ie\/wp_cd_2020\/wp-json\/wp\/v2\/pages\/28","targetHints":{"allow":["GET"]}}],"collection":[{"href":"http:\/\/www.colaistedaibheid.ie\/wp_cd_2020\/wp-json\/wp\/v2\/pages"}],"about":[{"href":"http:\/\/www.colaistedaibheid.ie\/wp_cd_2020\/wp-json\/wp\/v2\/types\/page"}],"author":[{"embeddable":true,"href":"http:\/\/www.colaistedaibheid.ie\/wp_cd_2020\/wp-json\/wp\/v2\/users\/1"}],"replies":[{"embeddable":true,"href":"http:\/\/www.colaistedaibheid.ie\/wp_cd_2020\/wp-json\/wp\/v2\/comments?post=28"}],"version-history":[{"count":12,"href":"http:\/\/www.colaistedaibheid.ie\/wp_cd_2020\/wp-json\/wp\/v2\/pages\/28\/revisions"}],"predecessor-version":[{"id":2289,"href":"http:\/\/www.colaistedaibheid.ie\/wp_cd_2020\/wp-json\/wp\/v2\/pages\/28\/revisions\/2289"}],"wp:attachment":[{"href":"http:\/\/www.colaistedaibheid.ie\/wp_cd_2020\/wp-json\/wp\/v2\/media?parent=28"}],"curies":[{"name":"wp","href":"https:\/\/api.w.org\/{rel}","templated":true}]}}